{"id":785,"date":"2023-11-13T05:47:08","date_gmt":"2023-11-13T05:47:08","guid":{"rendered":"https:\/\/editura-alma-mater.ub.ro\/en\/?page_id=785"},"modified":"2023-11-14T06:59:52","modified_gmt":"2023-11-14T06:59:52","slug":"psycho-social-sciences-collection","status":"publish","type":"page","link":"https:\/\/editura-alma-mater.ub.ro\/en\/psycho-social-sciences-collection\/","title":{"rendered":"PSYCHO-SOCIAL SCIENCES COLLECTION"},"content":{"rendered":"\n<h2 class=\"wp-block-heading has-text-align-center\"><\/h2>\n\n\n\n<p><strong>DIDACTICS OF SPECIALIZATION. MATHEMATICS, COMPUTER SCIENCE AND ICT. COURSE SUPPORT<\/strong><\/p>\n\n\n\n<p>Author: Carmen-Violeta POPESCU<\/p>\n\n\n\n<p>Page count: 156\u00a0\u2551\u00a0Year: 2023\u00a0\u2551\u00a0ISBN\u00a0978-606-527-701-4\u00a0\u00a0<\/p>\n\n\n\n<hr class=\"wp-block-separator has-alpha-channel-opacity\"\/>\n\n\n\n<p><strong>STRATEGIES IN RECEIVING TEXTS IN CLASS: EPIC VS. DRAMATIC<\/strong><\/p>\n\n\n\n<p>Author: Monica MACOVEI<\/p>\n\n\n\n<p>Page count: 128&nbsp;\u2551&nbsp;Year: 2021&nbsp;\u2551&nbsp;ISBN&nbsp;978-606-527-668-0&nbsp;<\/p>\n\n\n\n<hr class=\"wp-block-separator has-alpha-channel-opacity\"\/>\n\n\n\n<p><strong>METHODOLOGICAL GUIDE FOR PEDAGOGICAL PRACTICE IN PRESCHOOL EDUCATION<\/strong><\/p>\n\n\n\n<p>Authors: Nicoleta-Lumini\u021ba GORA, Ioana BOGHIAN<\/p>\n\n\n\n<p>Page count: 170&nbsp;\u2551&nbsp;Year: 2021&nbsp;\u2551&nbsp;ISBN&nbsp;978-606-527-545-5&nbsp;&nbsp;<\/p>\n\n\n\n<hr class=\"wp-block-separator has-alpha-channel-opacity\"\/>\n\n\n\n<p><strong>DOMAIN DIDACTICS AND SPECIALTY DIDACTICS DEVELOPMENT<\/strong><\/p>\n\n\n\n<p>Author: Costic\u0103 LUPU<\/p>\n\n\n\n<p>Page count: 365&nbsp;\u2551&nbsp;Year: 2017&nbsp;\u2551&nbsp;ISBN&nbsp;978-606-527-517-1&nbsp;<\/p>\n\n\n\n<hr class=\"wp-block-separator has-alpha-channel-opacity\"\/>\n\n\n\n<p><strong>EDUCATION PSYCHOLOGY&nbsp;<\/strong><\/p>\n\n\n\n<p>Author: Alina C\u0102PRIOAR\u0102<\/p>\n\n\n\n<p>Page count: 115&nbsp;\u2551&nbsp;Year: 2017&nbsp;\u2551&nbsp;ISBN&nbsp;978-606-527-566-9&nbsp;<\/p>\n\n\n\n<hr class=\"wp-block-separator has-alpha-channel-opacity\"\/>\n\n\n\n<p><strong>FUNCTIONALITY EDUCATION-REHABILITATION AT CHELDREN WITH CEREBRAL PARALYSIS<\/strong><\/p>\n\n\n\n<p>Author: Mihaela ANGHEL<\/p>\n\n\n\n<p>Page count: 173&nbsp;\u2551&nbsp;Year: 2017&nbsp;\u2551&nbsp;ISBN&nbsp;978-606-527-560-7<\/p>\n\n\n\n<hr class=\"wp-block-separator has-alpha-channel-opacity\"\/>\n\n\n\n<p><strong>TEACHING GAMES FOR PRESCHOOL STUDENTS&nbsp;SOCIAL DEVELOPMENT. EDUCATIONAL GUIDE<\/strong><\/p>\n\n\n\n<p>Author: Daniela STOLERU<\/p>\n\n\n\n<p>Page count: 87&nbsp;\u2551&nbsp;Year: 2016&nbsp;\u2551&nbsp;ISBN 978-606-527-553-9&nbsp;<\/p>\n\n\n\n<hr class=\"wp-block-separator has-alpha-channel-opacity\"\/>\n\n\n\n<p><strong>GUIDE WITH INTERACTIVE METHODS FOR CARRYING OUT MATHEMATICS ACTIVITIES IN KINDERGARTEN<\/strong><\/p>\n\n\n\n<p>Author: Daniela STOLERU<\/p>\n\n\n\n<p>Page count: 64&nbsp;\u2551&nbsp;Year: 2016&nbsp;\u2551&nbsp;ISBN 978-606-527-552-2&nbsp;&nbsp;<\/p>\n\n\n\n<hr class=\"wp-block-separator has-alpha-channel-opacity\"\/>\n\n\n\n<p><strong>APPROACHES OF ATTENTION DEVELOPMENT AT PRESCHOOL AGE FROM PSYCHOPEDAGOGICAL PERSPECTIVE<\/strong><\/p>\n\n\n\n<p>Author: Daniela STOLERU<\/p>\n\n\n\n<p>Page count: 61&nbsp;\u2551&nbsp;Year: 2016&nbsp;\u2551&nbsp;ISBN 978-606-527-551-5&nbsp;<\/p>\n\n\n\n<hr class=\"wp-block-separator has-alpha-channel-opacity\"\/>\n\n\n\n<p><strong>CURRENT PERSPECTIVES OF USEINGT DIDACTIC GAMES FOR PRE-SCHOOL STUDENTS LANGUAGE EDUCATION<\/strong><\/p>\n\n\n\n<p>Author: Daniela STOLERU<\/p>\n\n\n\n<p>Page count: 69&nbsp;\u2551&nbsp;Year: 2016&nbsp;\u2551&nbsp;ISBN 978-606-527-550-8&nbsp;&nbsp;<\/p>\n\n\n\n<hr class=\"wp-block-separator has-alpha-channel-opacity\"\/>\n\n\n\n<p><strong>SCHOOL ORGANIZATION MANAGEMENT. SUPPORT FOR COURSE AND SEMINAR&nbsp;<\/strong><\/p>\n\n\n\n<p>Author: Liliana M\u00c2\u021a\u0102<\/p>\n\n\n\n<p>Page count: 112&nbsp;\u2551&nbsp;Year: 2016&nbsp;\u2551&nbsp;ISBN&nbsp;978-973-1833-56-9&nbsp;<\/p>\n\n\n\n<hr class=\"wp-block-separator has-alpha-channel-opacity\"\/>\n\n\n\n<p><strong>CREATIVITY AND PSYCHOPEDAGOGICAL RESEARCH<\/strong><\/p>\n\n\n\n<p>Author: Costic\u0103 LUPU<\/p>\n\n\n\n<p>Page count: 222&nbsp;\u2551&nbsp;Year: 2015&nbsp;\u2551&nbsp;ISBN&nbsp;978-606-527-512-6<\/p>\n\n\n\n<hr class=\"wp-block-separator has-alpha-channel-opacity\"\/>\n\n\n\n<p><strong>DEVELOPING FLUIDITY AND FLEXIBILITY OF STUDENTS CREATIVE THINKING THROUGH PROBLEM SOLVING AND COMPOSITION&nbsp;<\/strong><\/p>\n\n\n\n<p>Author: Maria Ramona BARBU&nbsp;<\/p>\n\n\n\n<p>Page count:&nbsp;148&nbsp;\u2551&nbsp;Year: 2015&nbsp;\u2551&nbsp;ISBN&nbsp;978-606-527-451-8&nbsp;<\/p>\n\n\n\n<hr class=\"wp-block-separator has-alpha-channel-opacity\"\/>\n\n\n\n<p><strong>ECOMMUNICATION STRATEGY ELABORATION IN NONFORMAL UNITS: PALACE AND CHILDREN AND STUDENTS CLUBS&nbsp;<\/strong><\/p>\n\n\n\n<p>Author: Petre VALEA<\/p>\n\n\n\n<p>Page count: 106&nbsp;\u2551&nbsp;Year: 2015&nbsp;\u2551&nbsp;ISBN&nbsp;978-606-527-450-1&nbsp;<\/p>\n\n\n\n<hr class=\"wp-block-separator has-alpha-channel-opacity\"\/>\n\n\n\n<p><strong>PSYCHOPEDAGOGICAL EXPERIMENT ON THE DEVELOPMENT OF SCHOOLCHILDREN LOGICAL THINKING&nbsp;<\/strong><\/p>\n\n\n\n<p>Author: Ramona Adi GABOR<\/p>\n\n\n\n<p>Page count: 103&nbsp;\u2551&nbsp;Year: 2015&nbsp;\u2551&nbsp;ISBN&nbsp;978-606-527-445-7&nbsp;<\/p>\n\n\n\n<hr class=\"wp-block-separator has-alpha-channel-opacity\"\/>\n\n\n\n<p><strong>MATHEMATICAL NOTIONS&nbsp;FORMATION&nbsp; IN PRIMARY EDUCATION<\/strong><\/p>\n\n\n\n<p>Author: Ramona Adi GABOR&nbsp;<\/p>\n\n\n\n<p>Page count: 120&nbsp;\u2551&nbsp;Year: 2015&nbsp;\u2551&nbsp;ISBN&nbsp;978-606-527-444-0&nbsp;<\/p>\n\n\n\n<hr class=\"wp-block-separator has-alpha-channel-opacity\"\/>\n\n\n\n<p><strong>CLASS MANAGEMENT. SUPPORT FOR COURSE AND SEMINAR&nbsp;<\/strong><\/p>\n\n\n\n<p>Author: Liliana M\u00c2\u021a\u0102<\/p>\n\n\n\n<p>Page count: 154&nbsp;\u2551&nbsp;Year: 2015&nbsp;\u2551&nbsp;ISBN&nbsp;978-973-1833-22-4<\/p>\n\n\n\n<hr class=\"wp-block-separator has-alpha-channel-opacity\"\/>\n\n\n\n<p><strong>USE OF ONLINE INTERACTIVE EDUCATIONAL PLATFORMS (MENOS)<\/strong><\/p>\n\n\n\n<p>Authors: Iuliana Mihaela LAZ\u0102R (coord.), Liliana M\u00c2\u021a\u0102, Maria-Ema F\u00c2CIU, Marius STAMATE, Venera COJOCARIU,&nbsp; Elena NECHITA, Adriana M\u0102LUREANU, C\u0103lin MATEIAN, Gabriel LAZ\u0102R<\/p>\n\n\n\n<p>Page count: 162&nbsp;\u2551&nbsp;year: 2014&nbsp;\u2551&nbsp;ISBN&nbsp;978-606-527-429-7&nbsp;&nbsp;<\/p>\n\n\n\n<hr class=\"wp-block-separator has-alpha-channel-opacity\"\/>\n\n\n\n<p><strong>TRAINING THEORY AND METHODOLOGY. EVALUATION&nbsp;THEORY AND METHODOLOGY &nbsp;<\/strong><\/p>\n\n\n\n<p>Author: Constan\u021ba DUMITRIU&nbsp;<\/p>\n\n\n\n<p>Page count: 208&nbsp;\u2551&nbsp;Year: 2014&nbsp;\u2551&nbsp;ISBN&nbsp;978-606-527-407-5&nbsp;&nbsp;&nbsp;<\/p>\n\n\n\n<hr class=\"wp-block-separator has-alpha-channel-opacity\"\/>\n\n\n\n<p><strong>EDUCATION PHYSCHOLOGY<\/strong><\/p>\n\n\n\n<p>Author:&nbsp;Constan\u021ba DUMITRIU&nbsp;&nbsp;<\/p>\n\n\n\n<p>Page count: 172&nbsp;\u2551&nbsp;Year: 2014&nbsp;\u2551&nbsp;ISBN&nbsp;978-606-527-353-5&nbsp;&nbsp;&nbsp;<\/p>\n\n\n\n<hr class=\"wp-block-separator has-alpha-channel-opacity\"\/>\n\n\n\n<p><strong>GAME DIDACTICS<\/strong><\/p>\n\n\n\n<p>Author: Costic\u0103 LUPU&nbsp;<\/p>\n\n\n\n<p>Page count: 270&nbsp;\u2551&nbsp;Year: 2014&nbsp;\u2551&nbsp;ISBN&nbsp;978-606-527-341-2&nbsp;&nbsp;&nbsp;<\/p>\n\n\n\n<hr class=\"wp-block-separator has-alpha-channel-opacity\"\/>\n\n\n\n<p><strong>DIDACTICS OF TEACHING TECHNICAL DISCIPLINES<\/strong><\/p>\n\n\n\n<p>Authors: Liliana M\u00c2\u021a\u0102, Venera-Mihaela COJOCARIU<\/p>\n\n\n\n<p>Page count: 94&nbsp;\u2551&nbsp;Year: 2014&nbsp;\u2551&nbsp;ISBN&nbsp;978-606-527-422-8<\/p>\n\n\n\n<hr class=\"wp-block-separator has-alpha-channel-opacity\"\/>\n\n\n\n<p><strong>CURRICULUM THEORY AND METHODOLOGY. GUIDE FOR STUDENTS OF PRIMARY AND PRESCHOOL EDUCATION SPECIALTY<\/strong><\/p>\n\n\n\n<p>Author: Liliana M\u00c2\u021a\u0102<\/p>\n\n\n\n<p>Page count:&nbsp;&nbsp;\u2551&nbsp;Year: 2014&nbsp;\u2551&nbsp;ISBN&nbsp;978-606-527-421-1<\/p>\n\n\n\n<hr class=\"wp-block-separator has-alpha-channel-opacity\"\/>\n\n\n\n<p><strong>A GUIDE TO ENGLISH TEACHING PRACTICE<\/strong><\/p>\n\n\n\n<p>Author: Ioana BOGHIAN<\/p>\n\n\n\n<p>Page count: 127&nbsp;\u2551&nbsp;Year: 2014&nbsp;\u2551&nbsp;ISBN&nbsp;978-606-527-402-0<\/p>\n\n\n\n<hr class=\"wp-block-separator has-alpha-channel-opacity\"\/>\n\n\n\n<p><strong>TEACHING PORTOFOLIO. AUXILIARY FOR STUDENTS OF THE PSYCHO-PEDAGOGICAL TRAINING STUDY PROGRAMME<\/strong><\/p>\n\n\n\n<p>Author: Georgiana MARCU&nbsp;<\/p>\n\n\n\n<p>Page count: 92&nbsp;\u2551&nbsp;Year: 2013&nbsp;\u2551&nbsp;ISBN&nbsp;978-606-527-302-3<\/p>\n\n\n\n<hr class=\"wp-block-separator has-alpha-channel-opacity\"\/>\n\n\n\n<p><strong>INNOVATIONS IN THE INITIAL TRAINING OF ROMANIAN LANGUAGE AND LITERATURE TEACHERS. GUIDE FOR PEDAGOGICAL COMPETENCES DEVELOPMENT&nbsp;<\/strong><\/p>\n\n\n\n<p>Authors: Liliana M\u00c2\u021a\u0102, Andreia Irina SUCIU&nbsp;<\/p>\n\n\n\n<p>Page count:&nbsp;118&nbsp;\u2551&nbsp;Year: 2013&nbsp;\u2551&nbsp;ISBN&nbsp;978-606-527-327-6<\/p>\n\n\n\n<hr class=\"wp-block-separator has-alpha-channel-opacity\"\/>\n\n\n\n<p><strong>PERSONAL DEVELOPMENT<\/strong><\/p>\n\n\n\n<p>Author: Iulia Cristina TIMOFTI<\/p>\n\n\n\n<p>Page count: 112&nbsp;\u2551&nbsp;Year: 2012&nbsp;\u2551&nbsp;ISBN&nbsp;978-606-527-171-5<\/p>\n\n\n\n<hr class=\"wp-block-separator has-alpha-channel-opacity\"\/>\n\n\n\n<p><strong>VALUE ORIENTATIONS<\/strong><\/p>\n\n\n\n<p>Author: Iulia Cristina TIMOFTI<\/p>\n\n\n\n<p>Page count: 159&nbsp;\u2551&nbsp;Year: 2012&nbsp;\u2551&nbsp;ISBN 978-606-527-146-3&nbsp;<\/p>\n\n\n\n<hr class=\"wp-block-separator has-alpha-channel-opacity\"\/>\n\n\n\n<p><strong>BIOLOGY DIDACTICS<\/strong><\/p>\n\n\n\n<p>Authors: Camelia URECHE, Dorel URECHE<\/p>\n\n\n\n<p>Page count: 160&nbsp;\u2551&nbsp;Year: 2012&nbsp;\u2551&nbsp;ISBN&nbsp;978-606-527-179-1<\/p>\n\n\n\n<hr class=\"wp-block-separator has-alpha-channel-opacity\"\/>\n\n\n\n<p><strong>PEDAGOGICAL PRACTICE GUIDE<\/strong><\/p>\n\n\n\n<p>Authors: Camelia URECHE, Dorel URECHE<\/p>\n\n\n\n<p>Page count: 30&nbsp;\u2551&nbsp;Year: 2012&nbsp;\u2551&nbsp;ISBN&nbsp;978-606-527-180-7&nbsp;&nbsp;<\/p>\n\n\n\n<hr class=\"wp-block-separator has-alpha-channel-opacity\"\/>\n\n\n\n<p><strong>ROMANIAN LANGUAGE MORPHOSYNTAX. THEORETICAL REFERENCES. APPLICATIONS&nbsp;<\/strong><\/p>\n\n\n\n<p>Authors:&nbsp;Ecaterina CRE\u021aU, Lumini\u021ba DRUG\u0102, Mihaela HRIBAN<\/p>\n\n\n\n<p>Page count: 168&nbsp;\u2551&nbsp;Year: 2012&nbsp;\u2551&nbsp;ISBN&nbsp;978-606-527-203-3&nbsp;<\/p>\n\n\n\n<hr class=\"wp-block-separator has-alpha-channel-opacity\"\/>\n\n\n\n<p><strong>ROMANIAN LANGUAGE AND LITERATURE DIDACTICS. COURSE NOTES<\/strong><\/p>\n\n\n\n<p>Authors:&nbsp;Ecaterina CRE\u021aU, Lumini\u021ba DRUG\u0102<\/p>\n\n\n\n<p>Page count: 160&nbsp;\u2551&nbsp;Year: 2012&nbsp;\u2551&nbsp;ISBN&nbsp;978-606-527-219-4&nbsp;<\/p>\n\n\n\n<hr class=\"wp-block-separator has-alpha-channel-opacity\"\/>\n\n\n\n<p><strong>PRIMARY AND PRESCHOOL PEDAGOGY. GUIDE&nbsp;FOR COURSE AND SEMINAR&nbsp;<\/strong><\/p>\n\n\n\n<p>Authors: Venera-Mihaela COJOCARIU, Liliana M\u00c2\u021a\u0102<\/p>\n\n\n\n<p>Page count: 278&nbsp;\u2551&nbsp;Year: 2011&nbsp;\u2551&nbsp;ISBN 978-606-527-128-9<\/p>\n\n\n\n<hr class=\"wp-block-separator has-alpha-channel-opacity\"\/>\n\n\n\n<p><strong>DIDACTIC GAME ELABORATION&nbsp;<\/strong><strong>GUIDE<\/strong>&nbsp;&nbsp;<\/p>\n\n\n\n<p>Authors:&nbsp;Liliana M\u00c2\u021a\u0102, Venera-Mihaela COJOCARIU<\/p>\n\n\n\n<p>Page count: 76&nbsp;\u2551&nbsp;Year: 2011&nbsp;\u2551&nbsp;ISBN&nbsp;978-606-527-129-6&nbsp;&nbsp;&nbsp;<\/p>\n\n\n\n<hr class=\"wp-block-separator has-alpha-channel-opacity\"\/>\n\n\n\n<p><strong>PRIMARY AND PRESCHOOL PEDAGOGY. GUIDE&nbsp;FOR PEDAGOGICAL&nbsp;PRACTICE<\/strong><\/p>\n\n\n\n<p>Author: Liliana M\u00c2\u021a\u0102<\/p>\n\n\n\n<p>Page count: 117&nbsp;\u2551&nbsp;Year: 2011&nbsp;\u2551&nbsp;ISBN&nbsp;978-606-527-130-2&nbsp;&nbsp;&nbsp;<\/p>\n\n\n\n<hr class=\"wp-block-separator has-alpha-channel-opacity\"\/>\n\n\n\n<p><strong>GAME PSYCHOPEDAGOGY<\/strong><\/p>\n\n\n\n<p>Author: Constan\u021ba DUMITRIU<\/p>\n\n\n\n<p>Page count: 130&nbsp;\u2551&nbsp;Year: 2011&nbsp;\u2551&nbsp;ISBN&nbsp;978-606-527-147-0&nbsp;&nbsp;&nbsp;<\/p>\n\n\n\n<hr class=\"wp-block-separator has-alpha-channel-opacity\"\/>\n\n\n\n<p><strong>DIDACTICS OF MATHEMATICAL ACTIVITIES TEACHING<\/strong>&nbsp;<\/p>\n\n\n\n<p>Author: Costic\u0103 LUPU&nbsp;<\/p>\n\n\n\n<p>Page count: 250&nbsp;\u2551&nbsp;Year: 2011&nbsp;\u2551&nbsp;ISBN&nbsp;978-606-527-152-4&nbsp;&nbsp;<\/p>\n\n\n\n<hr class=\"wp-block-separator has-alpha-channel-opacity\"\/>\n\n\n\n<p><strong>DIDACTICS OF ARITHMETICS TEACHING&nbsp;<\/strong><\/p>\n\n\n\n<p>Author: Costic\u0103 LUPU<\/p>\n\n\n\n<p>Page count: 262&nbsp;\u2551&nbsp;Year: 2011&nbsp;\u2551&nbsp;ISBN&nbsp;978-606-527-153-1&nbsp;&nbsp;&nbsp;<\/p>\n\n\n\n<hr class=\"wp-block-separator has-alpha-channel-opacity\"\/>\n\n\n\n<p><strong>DIDACTICS OF MATHEMATICS TEACHING (FOR GYMNASIUM AND HIGHSCHOOL) 1st VOLUME&nbsp;<\/strong><\/p>\n\n\n\n<p>Author: Costic\u0103 LUPU<\/p>\n\n\n\n<p>Page count: 214&nbsp;\u2551&nbsp;Year: 2011&nbsp;\u2551&nbsp;ISBN&nbsp;978-606-527-154-8; 978-606-527-155-5&nbsp;&nbsp;&nbsp;<\/p>\n\n\n\n<hr class=\"wp-block-separator has-alpha-channel-opacity\"\/>\n\n\n\n<p><strong>DIDACTICS OF MATHEMATICS TEACHING (FOR GYMNASIUM AND HIGHSCHOOL) 2nd VOLUME<\/strong><\/p>\n\n\n\n<p>Author: Costic\u0103 LUPU<\/p>\n\n\n\n<p>Page count: 208&nbsp;\u2551&nbsp;Year: 2011&nbsp;\u2551&nbsp;ISBN&nbsp;978-606-527-154-8; 978-606-527-156-2&nbsp;&nbsp;&nbsp;<\/p>\n\n\n\n<hr class=\"wp-block-separator has-alpha-channel-opacity\"\/>\n\n\n\n<p><strong>INFORMATION AND COMMUNICATION TECHNOLOGIES&nbsp;<\/strong><\/p>\n\n\n\n<p>Authors: Gloria Cerasela CRI\u0218AN, Mihai TALMACIU<\/p>\n\n\n\n<p>Page count: 92&nbsp;\u2551&nbsp;Year: 2011&nbsp;\u2551&nbsp;ISBN&nbsp;978-606-527-162-3&nbsp;&nbsp;&nbsp;<\/p>\n\n\n\n<hr class=\"wp-block-separator has-alpha-channel-opacity\"\/>\n\n\n\n<p><strong>COMPUTER AIDED TRAINING<\/strong><\/p>\n\n\n\n<p>Authors: Elena NECHITA, Iulia Cristina TIMOFTI<\/p>\n\n\n\n<p>Page count: 100&nbsp;\u2551&nbsp;Year: 2011&nbsp;\u2551&nbsp;ISBN&nbsp;978-606-527-170-8&nbsp;&nbsp;<\/p>\n\n\n\n<hr class=\"wp-block-separator has-alpha-channel-opacity\"\/>\n\n\n\n<p><strong>DEBUTANT TEACHERS&nbsp;PROFESSIONAL SKILLS&nbsp;DEVELOPMENT&nbsp;<\/strong><\/p>\n\n\n\n<p>Authors: Constan\u021ba DUMITRIU (Coord.), Gheorghe DUMITRIU, Liliana M\u00c2\u021a\u0102, Iulia Cristina TIMOFTI<\/p>\n\n\n\n<p>Page count: 289&nbsp;\u2551&nbsp;Year: 2011&nbsp;\u2551&nbsp;ISBN 978-606-527-112-8&nbsp;<\/p>\n\n\n\n<hr class=\"wp-block-separator has-alpha-channel-opacity\"\/>\n\n\n\n<p><strong>EUROPEAN WORKBOOK. STUDENT&#8217;S BOOK<\/strong><\/p>\n\n\n\n<p>Authors: Iulia D\u0102MIAN, Mihaela BIBIRE, Ana-Maria ROTARU, Andrzej SZELC, Giorgio PILOTTI, Isabel RODRIGUEZ, Immaculada RODRIGUEZ GODOY&nbsp;<\/p>\n\n\n\n<p>Page count: 52&nbsp;\u2551&nbsp;Year: 2011&nbsp;\u2551&nbsp;ISBN 978-606-527-144-9<\/p>\n\n\n\n<hr class=\"wp-block-separator has-alpha-channel-opacity\"\/>\n\n\n\n<p><strong>EUROPEAN WORKBOOK. TEACHER&#8217;S BOOK<\/strong><\/p>\n\n\n\n<p>Authors: Iulia D\u0102MIAN, Mihaela BIBIRE, Ana-Maria ROTARU, Andrzej SZELC, Giorgio PILOTTI, Isabel RODRIGUEZ, Immaculada RODRIGUEZ GODOY&nbsp;<\/p>\n\n\n\n<p>Page count:&nbsp;159&nbsp;\u2551&nbsp;Year: 2011&nbsp;\u2551&nbsp;ISBN&nbsp;978-606-527-145-6<\/p>\n\n\n\n<hr class=\"wp-block-separator has-alpha-channel-opacity\"\/>\n\n\n\n<p><strong>PEDAGOGICAL RESEARCH METHODOLOGY<\/strong><\/p>\n\n\n\n<p>Author:&nbsp;Constan\u021ba DUMITRIU<\/p>\n\n\n\n<p>Page count:&nbsp;240&nbsp;\u2551&nbsp;Year: 2011&nbsp;\u2551&nbsp;ISBN 978-606-527-148-7&nbsp;<\/p>\n\n\n\n<hr class=\"wp-block-separator has-alpha-channel-opacity\"\/>\n\n\n\n<p><strong>CARRER FIRST STEPS. DEBUTANT TEACHERS SOCIO-PROFESSIONAL INSERTION&nbsp;<\/strong><\/p>\n\n\n\n<p>Authors:&nbsp;Constan\u021ba DUMITRIU (Coord.), Gheorghe DUMITRIU, Mihai STANCIU, Iulia Cristina TIMOFTI<\/p>\n\n\n\n<p>Page count:&nbsp;209&nbsp;\u2551&nbsp;Year: 2010&nbsp;\u2551&nbsp;ISBN&nbsp;978-606-527-066-4<\/p>\n\n\n\n<hr class=\"wp-block-separator has-alpha-channel-opacity\"\/>\n\n\n\n<p><strong>PSYCHOPEDAGOGICAL TRAINING GUIDE FOR TEACHING GRADES<\/strong><\/p>\n\n\n\n<p>Author:&nbsp;Liliana M\u00c2\u021a\u0102<\/p>\n\n\n\n<p>Page count:&nbsp;223&nbsp;\u2551&nbsp;Year: 2010&nbsp;\u2551&nbsp;ISBN&nbsp;978-606-527-076-3<\/p>\n\n\n\n<hr class=\"wp-block-separator has-alpha-channel-opacity\"\/>\n\n\n\n<p><strong>EDUCATIONAL STRATEGIES CENTERED ON THE LEARNING BENEFICIARY. CONSTRUCTIVISM AND EFFICIENT PRACTICES&nbsp;<\/strong><\/p>\n\n\n\n<p>Author:&nbsp;Constan\u021ba DUMITRIU<\/p>\n\n\n\n<p>Page count:&nbsp;290&nbsp;\u2551&nbsp;Year: 2010&nbsp;\u2551&nbsp;ISBN&nbsp;978-606-527-096-1<\/p>\n\n\n\n<hr class=\"wp-block-separator has-alpha-channel-opacity\"\/>\n\n\n\n<p><strong>DIDACTICS OF PHYSICAL EDUCATION<\/strong><\/p>\n\n\n\n<p>Author:&nbsp;Gloria RA\u021a\u0102<\/p>\n\n\n\n<p>Page count: 130&nbsp;\u2551&nbsp;Year: 2010&nbsp;\u2551&nbsp;ISBN&nbsp;978-606-527-062-6<\/p>\n\n\n\n<hr class=\"wp-block-separator has-alpha-channel-opacity\"\/>\n\n\n\n<p><strong>FRENCH-ENGLISH. PEDAGOGICAL PRACTICE GUIDE<\/strong><\/p>\n\n\n\n<p>Authors: Constan\u021ba DUMITRIU (Coord.), Veronica GRECU, Raluca GALI\u021aA<\/p>\n\n\n\n<p>Page count: 154&nbsp;\u2551&nbsp;Year: 2010&nbsp;\u2551&nbsp;ISBN&nbsp;978-606-527-047-3<\/p>\n\n\n\n<hr class=\"wp-block-separator has-alpha-channel-opacity\"\/>\n\n\n\n<p><strong>PEDAGOGY FUNDAMENTALS. CURRICULUM THEORY AND METHODOLOGY&nbsp;<\/strong><\/p>\n\n\n\n<p>Author:&nbsp;Constan\u021ba DUMITRIU<\/p>\n\n\n\n<p>Page count:&nbsp;176&nbsp;\u2551&nbsp;Year: 2007&nbsp;\u2551&nbsp;ISBN&nbsp;978-973-8392-67-0<\/p>\n\n\n\n<hr class=\"wp-block-separator has-alpha-channel-opacity\"\/>\n\n\n\n<p><strong>PSYCHOPEDAGOGY. SYNTHESIS FOR DEFINITIVE EXAMS AND SECOND TEACHING GRADE<\/strong><\/p>\n\n\n\n<p>Authors: Liliana SACAR\u0102, Iulia Cristina DUMITIRU<\/p>\n\n\n\n<p>Page count: 301&nbsp;\u2551&nbsp;Year: 2007&nbsp;\u2551&nbsp;ISBN&nbsp;978-973-8392-69-4<\/p>\n\n\n\n<hr class=\"wp-block-separator has-alpha-channel-opacity\"\/>\n\n\n\n<p><strong>PEDAGOGY I. SUPPORT FOR COURSE AND SEMINAR<\/strong>&nbsp;<\/p>\n\n\n\n<p>Authors: Constan\u021ba DUMITRIU, Liliana SACAR\u0102<\/p>\n\n\n\n<p>Page count: 104&nbsp;\u2551&nbsp;Year: 2007&nbsp;\u2551&nbsp;ISBN&nbsp;978-973-8392-71-7<\/p>\n\n\n\n<hr class=\"wp-block-separator has-alpha-channel-opacity\"\/>\n\n\n\n<p><strong>CERTIFICATION OF STUDIES FOR TEACHING PROFESSION<\/strong><\/p>\n\n\n\n<p>Author: Constan\u021ba DUMITRIU&nbsp;<\/p>\n\n\n\n<p>Page count: 216&nbsp;\u2551&nbsp;Year: 2004&nbsp;\u2551&nbsp;ISBN&nbsp;973-8392-12-8&nbsp;<\/p>\n\n\n\n<hr class=\"wp-block-separator has-alpha-channel-opacity\"\/>\n\n\n\n<p><strong>PSYCHOPEDAGOGY &#8211; SYNTHESES FOR DEFINITIVE EXAMS AND SECOND GRADE IN EDUCATION<\/strong><\/p>\n\n\n\n<p>Authors:&nbsp;Gheorghe DUMITRIU, Constan\u021ba DUMITRIU, Iulia D\u0102MIAN<\/p>\n\n\n\n<p>Page count: 368&nbsp;\u2551&nbsp;Year: 2002&nbsp;\u2551&nbsp;ISBN&nbsp;973-8392-00-4<\/p>\n\n\n\n<h1 class=\"wp-block-heading\"><\/h1>\n","protected":false},"excerpt":{"rendered":"<p>DIDACTICS OF SPECIALIZATION. MATHEMATICS, COMPUTER SCIENCE AND ICT. COURSE SUPPORT Author: Carmen-Violeta POPESCU Page count: 156\u00a0\u2551\u00a0Year: 2023\u00a0\u2551\u00a0ISBN\u00a0978-606-527-701-4\u00a0\u00a0 STRATEGIES IN RECEIVING TEXTS IN CLASS: EPIC VS. DRAMATIC Author: Monica MACOVEI Page count: 128&nbsp;\u2551&nbsp;Year: 2021&nbsp;\u2551&nbsp;ISBN&nbsp;978-606-527-668-0&nbsp; METHODOLOGICAL GUIDE FOR PEDAGOGICAL PRACTICE IN PRESCHOOL EDUCATION Authors: Nicoleta-Lumini\u021ba GORA, Ioana BOGHIAN Page count: 170&nbsp;\u2551&nbsp;Year: 2021&nbsp;\u2551&nbsp;ISBN&nbsp;978-606-527-545-5&nbsp;&nbsp; DOMAIN DIDACTICS AND SPECIALTY DIDACTICS [&hellip;]<\/p>\n","protected":false},"author":1,"featured_media":0,"parent":0,"menu_order":0,"comment_status":"closed","ping_status":"closed","template":"","meta":{"footnotes":""},"class_list":["post-785","page","type-page","status-publish","hentry"],"blocksy_meta":[],"_links":{"self":[{"href":"https:\/\/editura-alma-mater.ub.ro\/en\/wp-json\/wp\/v2\/pages\/785","targetHints":{"allow":["GET"]}}],"collection":[{"href":"https:\/\/editura-alma-mater.ub.ro\/en\/wp-json\/wp\/v2\/pages"}],"about":[{"href":"https:\/\/editura-alma-mater.ub.ro\/en\/wp-json\/wp\/v2\/types\/page"}],"author":[{"embeddable":true,"href":"https:\/\/editura-alma-mater.ub.ro\/en\/wp-json\/wp\/v2\/users\/1"}],"replies":[{"embeddable":true,"href":"https:\/\/editura-alma-mater.ub.ro\/en\/wp-json\/wp\/v2\/comments?post=785"}],"version-history":[{"count":10,"href":"https:\/\/editura-alma-mater.ub.ro\/en\/wp-json\/wp\/v2\/pages\/785\/revisions"}],"predecessor-version":[{"id":926,"href":"https:\/\/editura-alma-mater.ub.ro\/en\/wp-json\/wp\/v2\/pages\/785\/revisions\/926"}],"wp:attachment":[{"href":"https:\/\/editura-alma-mater.ub.ro\/en\/wp-json\/wp\/v2\/media?parent=785"}],"curies":[{"name":"wp","href":"https:\/\/api.w.org\/{rel}","templated":true}]}}